{"id":46,"date":"2023-02-17T01:30:27","date_gmt":"2023-02-17T01:30:27","guid":{"rendered":"http:\/\/hatgionghoa01.bkns.biz\/?page_id=46"},"modified":"2023-02-17T07:13:41","modified_gmt":"2023-02-17T07:13:41","slug":"trang-chu","status":"publish","type":"page","link":"https:\/\/hatgionghoa01.bkns.biz\/","title":{"rendered":"Trang ch\u1ee7"},"content":{"rendered":"\t<section class=\"section section-banner\" id=\"section_703011052\">\n\t\t<div class=\"bg section-bg fill bg-fill  bg-loaded\" >\n\n\t\t\t\n\t\t\t\n\t\t\t\n\n\t\t<\/div>\n\n\t\t<div class=\"section-content relative\">\n\t\t\t\n\n  <div class=\"banner has-hover\" id=\"banner-16843684\">\n          <div class=\"banner-inner fill\">\n        <div class=\"banner-bg fill\" >\n            <div class=\"bg fill bg-fill \"><\/div>\n                                    \n                    <\/div>\n        <div class=\"banner-layers container\">\n            <div class=\"fill banner-link\"><\/div>            \n   <div id=\"text-box-1132847877\" class=\"text-box banner-layer x50 md-x50 lg-x50 y50 md-y50 lg-y50 res-text\">\n                                <div class=\"text dark\">\n              \n              <div class=\"text-inner text-center\">\n                  \n              <\/div>\n           <\/div>\n                            \n<style>\n#text-box-1132847877 {\n  width: 60%;\n}\n#text-box-1132847877 .text {\n  font-size: 100%;\n}\n<\/style>\n    <\/div>\n \n        <\/div>\n      <\/div>\n\n              <div class=\"height-fix is-invisible\"><img loading=\"lazy\" decoding=\"async\" width=\"1920\" height=\"533\" src=\"https:\/\/hatgionghoa01.bkns.biz\/wp-content\/uploads\/2023\/02\/Rectangle-2231.png\" class=\"attachment-original size-original\" alt=\"\" srcset=\"https:\/\/hatgionghoa01.bkns.biz\/wp-content\/uploads\/2023\/02\/Rectangle-2231.png 1920w, https:\/\/hatgionghoa01.bkns.biz\/wp-content\/uploads\/2023\/02\/Rectangle-2231-600x167.png 600w, https:\/\/hatgionghoa01.bkns.biz\/wp-content\/uploads\/2023\/02\/Rectangle-2231-300x83.png 300w, https:\/\/hatgionghoa01.bkns.biz\/wp-content\/uploads\/2023\/02\/Rectangle-2231-1024x284.png 1024w, https:\/\/hatgionghoa01.bkns.biz\/wp-content\/uploads\/2023\/02\/Rectangle-2231-768x213.png 768w, https:\/\/hatgionghoa01.bkns.biz\/wp-content\/uploads\/2023\/02\/Rectangle-2231-1536x426.png 1536w\" sizes=\"auto, (max-width: 1920px) 100vw, 1920px\" \/><\/div>\n            \n<style>\n#banner-16843684 .bg.bg-loaded {\n  background-image: url(https:\/\/hatgionghoa01.bkns.biz\/wp-content\/uploads\/2023\/02\/Rectangle-2231.png);\n}\n<\/style>\n  <\/div>\n\n\n\t\t<\/div>\n\n\t\t\n<style>\n#section_703011052 {\n  padding-top: 30px;\n  padding-bottom: 30px;\n}\n<\/style>\n\t<\/section>\n\t\n\t<section class=\"section section-intro\" id=\"section_2111290913\">\n\t\t<div class=\"bg section-bg fill bg-fill  \" >\n\n\t\t\t\n\t\t\t\n\t\t\t\n\n\t\t<\/div>\n\n\t\t<div class=\"section-content relative\">\n\t\t\t\n<div class=\"row align-center\"  id=\"row-1357696716\">\n\n\t<div id=\"col-1958903117\" class=\"col wapper-conten-section2 medium-11 small-12 large-11\"  >\n\t\t<div class=\"col-inner text-left\"  >\n\t\t\t\n\t\t\t\n<div class=\"row\"  id=\"row-235179289\">\n\n\t<div id=\"col-592846379\" class=\"col medium-7 small-12 large-7\"  >\n\t\t<div class=\"col-inner\"  >\n\t\t\t\n\t\t\t\n\t<div class=\"img has-hover x md-x lg-x y md-y lg-y\" id=\"image_337039328\">\n\t\t\t\t\t\t\t\t<div class=\"img-inner dark\" >\n\t\t\t<img loading=\"lazy\" decoding=\"async\" width=\"854\" height=\"519\" src=\"https:\/\/hatgionghoa01.bkns.biz\/wp-content\/uploads\/2023\/02\/Rectangle-2234.png\" class=\"attachment-large size-large\" alt=\"\" srcset=\"https:\/\/hatgionghoa01.bkns.biz\/wp-content\/uploads\/2023\/02\/Rectangle-2234.png 854w, https:\/\/hatgionghoa01.bkns.biz\/wp-content\/uploads\/2023\/02\/Rectangle-2234-600x365.png 600w, https:\/\/hatgionghoa01.bkns.biz\/wp-content\/uploads\/2023\/02\/Rectangle-2234-300x182.png 300w, https:\/\/hatgionghoa01.bkns.biz\/wp-content\/uploads\/2023\/02\/Rectangle-2234-768x467.png 768w\" sizes=\"auto, (max-width: 854px) 100vw, 854px\" \/>\t\t\t\t\t\t\n\t\t\t\t\t<\/div>\n\t\t\t\t\t\t\t\t\n<style>\n#image_337039328 {\n  width: 100%;\n}\n<\/style>\n\t<\/div>\n\t\n\t\t<\/div>\n\t\t\t<\/div>\n\n\t\n\n\t<div id=\"col-8895783\" class=\"col medium-5 small-12 large-5\"  >\n\t\t<div class=\"col-inner\"  >\n\t\t\t\n\t\t\t\n<div class=\"content-section2\">\n<p class=\"title-content-section\"><strong>GI\u1edaI THI\u1ec6U H\u1ea0T GI\u1ed0NG HOA VI\u1ec6T NAM<br \/>\n<\/strong>H\u1ea1t gi\u1ed1ng Cho cu\u1ed9c s\u1ed1ng xanh<\/p>\n<p class=\"content-section\">\u0110\u01b0\u1ee3c th\u00e0nh l\u1eadp v\u00e0o ng\u00e0y 22\/04\/2002, C\u00f4ng ty TNHH H\u1ea1t Gi\u1ed1ng Hoa Vi\u1ec7t Nam \u2013 FVN hi\u1ec7n \u0111ang \u0111\u01b0\u1ee3c bi\u1ebft \u0111\u1ebfn l\u00e0 m\u1ed9t trong nh\u1eefng nh\u00e0 cung c\u1ea5p h\u1ea1t gi\u1ed1ng hoa nh\u1eadp kh\u1ea9u uy t\u00edn v\u00e0 ch\u1ea5t l\u01b0\u1ee3ng nh\u1ea5t hi\u1ec7n nay. Gi\u1ea5y ch\u1ee9ng nh\u1eadn \u0111\u0103ng k\u00ed kinh doanh s\u1ed1 0302603082 do S\u1edf K\u1ebf Ho\u1ea1ch \u0111\u1ea7u t\u01b0 Th\u00e0nh Ph\u1ed1 H\u1ed3 Ch\u00ed Minh c\u1ea5p. C\u00f4ng ty c\u00f3 v\u0103n ph\u00f2ng ch\u00ednh t\u1ea1i TP. H\u1ed3 Ch\u00ed Minh, \u0111\u00e2y l\u00e0 n\u01a1i l\u01b0u tr\u1eef h\u00e0ng h\u00f3a nh\u1eadp kh\u1ea9u, \u0111\u00f3ng g\u00f3i v\u00e0 ph\u00e2n ph\u1ed1i h\u1ea1t gi\u1ed1ng cho h\u1ea7u h\u1ebft c\u00e1c th\u1ecb tr\u01b0\u1eddng trong c\u1ea3 n\u01b0\u1edbc&#8230;<\/p>\n<\/div>\n<a class=\"button primary lowercase\"  >\n    <span>Xem th\u00eam<\/span>\n  <\/a>\n\n\t\t<\/div>\n\t\t\t<\/div>\n\n\t\n<\/div>\n\t\t<\/div>\n\t\t\t<\/div>\n\n\t\n<\/div>\n\t\t<\/div>\n\n\t\t\n<style>\n#section_2111290913 {\n  padding-top: 30px;\n  padding-bottom: 30px;\n}\n#section_2111290913 .section-bg.bg-loaded {\n  background-image: url(https:\/\/hatgionghoa01.bkns.biz\/wp-content\/uploads\/2023\/02\/Rectangle-2232.png);\n}\n<\/style>\n\t<\/section>\n\t\n\t<section class=\"section\" id=\"section_281932635\">\n\t\t<div class=\"bg section-bg fill bg-fill  bg-loaded\" >\n\n\t\t\t\n\t\t\t\n\t\t\t\n\n\t\t<\/div>\n\n\t\t<div class=\"section-content relative\">\n\t\t\t\n<div class=\"row\"  id=\"row-1729002402\">\n\n\t<div id=\"col-778435338\" class=\"col small-12 large-12\"  >\n\t\t<div class=\"col-inner\"  >\n\t\t\t\n\t\t\t\n\n  \n    <div class=\"row large-columns-4 medium-columns-3 small-columns-2 row-small\">\n          <div class=\"product-category col\" >\n            <div class=\"col-inner\">\n              <a href=\"https:\/\/hatgionghoa01.bkns.biz\/?product_cat=hoa-mao-ga-tim\">                <div class=\"box box-category has-hover box-default \">\n                <div class=\"box-image\" >\n                  <div class=\"\" >\n                  <img loading=\"lazy\" decoding=\"async\" src=\"https:\/\/hatgionghoa01.bkns.biz\/wp-content\/uploads\/2023\/02\/Rectangle-2244-300x300.png\" alt=\"Hoa m\u00e0o g\u00e0 t\u00edm\" width=\"300\" height=\"300\" \/>                                                      <\/div>\n                <\/div>\n                <div class=\"box-text text-center\" >\n                  <div class=\"box-text-inner\">\n                      <h5 class=\"uppercase header-title\">\n                              Hoa m\u00e0o g\u00e0 t\u00edm                      <\/h5>\n                                            \n                  <\/div>\n                <\/div>\n                <\/div>\n            <\/a>            <\/div>\n            <\/div>\n                <div class=\"product-category col\" >\n            <div class=\"col-inner\">\n              <a href=\"https:\/\/hatgionghoa01.bkns.biz\/?product_cat=van-tho-phap\">                <div class=\"box box-category has-hover box-default \">\n                <div class=\"box-image\" >\n                  <div class=\"\" >\n                  <img loading=\"lazy\" decoding=\"async\" src=\"https:\/\/hatgionghoa01.bkns.biz\/wp-content\/uploads\/2023\/02\/Rectangle-2250-300x300.png\" alt=\"V\u1ea1n th\u1ecd ph\u00e1p\" width=\"300\" height=\"300\" \/>                                                      <\/div>\n                <\/div>\n                <div class=\"box-text text-center\" >\n                  <div class=\"box-text-inner\">\n                      <h5 class=\"uppercase header-title\">\n                              V\u1ea1n th\u1ecd ph\u00e1p                      <\/h5>\n                                            \n                  <\/div>\n                <\/div>\n                <\/div>\n            <\/a>            <\/div>\n            <\/div>\n                <div class=\"product-category col\" >\n            <div class=\"col-inner\">\n              <a href=\"https:\/\/hatgionghoa01.bkns.biz\/?product_cat=sen-ta-tay-ho\">                <div class=\"box box-category has-hover box-default \">\n                <div class=\"box-image\" >\n                  <div class=\"\" >\n                  <img loading=\"lazy\" decoding=\"async\" src=\"https:\/\/hatgionghoa01.bkns.biz\/wp-content\/uploads\/2023\/02\/Rectangle-2249-300x300.png\" alt=\"Sen ta t\u00e2y H\u1ed3\" width=\"300\" height=\"300\" \/>                                                      <\/div>\n                <\/div>\n                <div class=\"box-text text-center\" >\n                  <div class=\"box-text-inner\">\n                      <h5 class=\"uppercase header-title\">\n                              Sen ta t\u00e2y H\u1ed3                      <\/h5>\n                                            \n                  <\/div>\n                <\/div>\n                <\/div>\n            <\/a>            <\/div>\n            <\/div>\n                <div class=\"product-category col\" >\n            <div class=\"col-inner\">\n              <a href=\"https:\/\/hatgionghoa01.bkns.biz\/?product_cat=hoa-10-gio-giong-ghep-5-mau\">                <div class=\"box box-category has-hover box-default \">\n                <div class=\"box-image\" >\n                  <div class=\"\" >\n                  <img loading=\"lazy\" decoding=\"async\" src=\"https:\/\/hatgionghoa01.bkns.biz\/wp-content\/uploads\/2023\/02\/Rectangle-2247-300x300.png\" alt=\"Hoa 10 gi\u1edd gi\u1ed1ng gh\u00e9p 5 m\u00e0u\" width=\"300\" height=\"300\" \/>                                                      <\/div>\n                <\/div>\n                <div class=\"box-text text-center\" >\n                  <div class=\"box-text-inner\">\n                      <h5 class=\"uppercase header-title\">\n                              Hoa 10 gi\u1edd gi\u1ed1ng gh\u00e9p 5 m\u00e0u                      <\/h5>\n                                            \n                  <\/div>\n                <\/div>\n                <\/div>\n            <\/a>            <\/div>\n            <\/div>\n                <div class=\"product-category col\" >\n            <div class=\"col-inner\">\n              <a href=\"https:\/\/hatgionghoa01.bkns.biz\/?product_cat=hoa-dong-tien-mau-sac\">                <div class=\"box box-category has-hover box-default \">\n                <div class=\"box-image\" >\n                  <div class=\"\" >\n                  <img loading=\"lazy\" decoding=\"async\" src=\"https:\/\/hatgionghoa01.bkns.biz\/wp-content\/uploads\/2023\/02\/Rectangle-2251-300x300.png\" alt=\"Hoa \u0111\u1ed3ng ti\u00ean m\u00e0u s\u1eafc\" width=\"300\" height=\"300\" \/>                                                      <\/div>\n                <\/div>\n                <div class=\"box-text text-center\" >\n                  <div class=\"box-text-inner\">\n                      <h5 class=\"uppercase header-title\">\n                              Hoa \u0111\u1ed3ng ti\u00ean m\u00e0u s\u1eafc                      <\/h5>\n                                            \n                  <\/div>\n                <\/div>\n                <\/div>\n            <\/a>            <\/div>\n            <\/div>\n                <div class=\"product-category col\" >\n            <div class=\"col-inner\">\n              <a href=\"https:\/\/hatgionghoa01.bkns.biz\/?product_cat=lanh-to-eblock\">                <div class=\"box box-category has-hover box-default \">\n                <div class=\"box-image\" >\n                  <div class=\"\" >\n                  <img loading=\"lazy\" decoding=\"async\" src=\"https:\/\/hatgionghoa01.bkns.biz\/wp-content\/uploads\/2023\/02\/Rectangle-444-300x300.png\" alt=\"Lanh T\u00f4 EBLOCK\" width=\"300\" height=\"300\" \/>                                                      <\/div>\n                <\/div>\n                <div class=\"box-text text-center\" >\n                  <div class=\"box-text-inner\">\n                      <h5 class=\"uppercase header-title\">\n                              Lanh T\u00f4 EBLOCK                      <\/h5>\n                                            \n                  <\/div>\n                <\/div>\n                <\/div>\n            <\/a>            <\/div>\n            <\/div>\n                <div class=\"product-category col\" >\n            <div class=\"col-inner\">\n              <a href=\"https:\/\/hatgionghoa01.bkns.biz\/?product_cat=tam-epanel-tuong-ngam-t-luoi-thep-doi\">                <div class=\"box box-category has-hover box-default \">\n                <div class=\"box-image\" >\n                  <div class=\"\" >\n                  <img loading=\"lazy\" decoding=\"async\" src=\"https:\/\/hatgionghoa01.bkns.biz\/wp-content\/uploads\/2023\/02\/Rectangle-466-300x300.png\" alt=\"Torenia - T\u00f4 Li\u00ean\" width=\"300\" height=\"300\" \/>                                                      <\/div>\n                <\/div>\n                <div class=\"box-text text-center\" >\n                  <div class=\"box-text-inner\">\n                      <h5 class=\"uppercase header-title\">\n                              Torenia - T\u00f4 Li\u00ean                      <\/h5>\n                                            \n                  <\/div>\n                <\/div>\n                <\/div>\n            <\/a>            <\/div>\n            <\/div>\n                <div class=\"product-category col\" >\n            <div class=\"col-inner\">\n              <a href=\"https:\/\/hatgionghoa01.bkns.biz\/?product_cat=van-tho-hoang-gia\">                <div class=\"box box-category has-hover box-default \">\n                <div class=\"box-image\" >\n                  <div class=\"\" >\n                  <img loading=\"lazy\" decoding=\"async\" src=\"https:\/\/hatgionghoa01.bkns.biz\/wp-content\/uploads\/2023\/02\/Rectangle-468-300x300.png\" alt=\"V\u1ea1n th\u1ecd ho\u00e0ng gia\" width=\"300\" height=\"300\" \/>                                                      <\/div>\n                <\/div>\n                <div class=\"box-text text-center\" >\n                  <div class=\"box-text-inner\">\n                      <h5 class=\"uppercase header-title\">\n                              V\u1ea1n th\u1ecd ho\u00e0ng gia                      <\/h5>\n                                            \n                  <\/div>\n                <\/div>\n                <\/div>\n            <\/a>            <\/div>\n            <\/div>\n                <div class=\"product-category col\" >\n            <div class=\"col-inner\">\n              <a href=\"https:\/\/hatgionghoa01.bkns.biz\/?product_cat=lan-ho-diep\">                <div class=\"box box-category has-hover box-default \">\n                <div class=\"box-image\" >\n                  <div class=\"\" >\n                  <img loading=\"lazy\" decoding=\"async\" src=\"https:\/\/hatgionghoa01.bkns.biz\/wp-content\/uploads\/2023\/02\/Rectangle-469-300x300.png\" alt=\"Lan h\u1ed3 \u0111i\u1ec7p\" width=\"300\" height=\"300\" \/>                                                      <\/div>\n                <\/div>\n                <div class=\"box-text text-center\" >\n                  <div class=\"box-text-inner\">\n                      <h5 class=\"uppercase header-title\">\n                              Lan h\u1ed3 \u0111i\u1ec7p                      <\/h5>\n                                            \n                  <\/div>\n                <\/div>\n                <\/div>\n            <\/a>            <\/div>\n            <\/div>\n                <div class=\"product-category col\" >\n            <div class=\"col-inner\">\n              <a href=\"https:\/\/hatgionghoa01.bkns.biz\/?product_cat=hoa-hong-phap\">                <div class=\"box box-category has-hover box-default \">\n                <div class=\"box-image\" >\n                  <div class=\"\" >\n                  <img loading=\"lazy\" decoding=\"async\" src=\"https:\/\/hatgionghoa01.bkns.biz\/wp-content\/uploads\/2023\/02\/Rectangle-2236-300x300.png\" alt=\"Hoa h\u1ed3ng Ph\u00e1p\" width=\"300\" height=\"300\" \/>                                                      <\/div>\n                <\/div>\n                <div class=\"box-text text-center\" >\n                  <div class=\"box-text-inner\">\n                      <h5 class=\"uppercase header-title\">\n                              Hoa h\u1ed3ng Ph\u00e1p                      <\/h5>\n                                            \n                  <\/div>\n                <\/div>\n                <\/div>\n            <\/a>            <\/div>\n            <\/div>\n                <div class=\"product-category col\" >\n            <div class=\"col-inner\">\n              <a href=\"https:\/\/hatgionghoa01.bkns.biz\/?product_cat=cam-tu-cau\">                <div class=\"box box-category has-hover box-default \">\n                <div class=\"box-image\" >\n                  <div class=\"\" >\n                  <img loading=\"lazy\" decoding=\"async\" src=\"https:\/\/hatgionghoa01.bkns.biz\/wp-content\/uploads\/2023\/02\/Rectangle-2237-300x300.png\" alt=\"C\u1ea9m t\u00fa c\u1ea7u\" width=\"300\" height=\"300\" \/>                                                      <\/div>\n                <\/div>\n                <div class=\"box-text text-center\" >\n                  <div class=\"box-text-inner\">\n                      <h5 class=\"uppercase header-title\">\n                              C\u1ea9m t\u00fa c\u1ea7u                      <\/h5>\n                                            \n                  <\/div>\n                <\/div>\n                <\/div>\n            <\/a>            <\/div>\n            <\/div>\n                <div class=\"product-category col\" >\n            <div class=\"col-inner\">\n              <a href=\"https:\/\/hatgionghoa01.bkns.biz\/?product_cat=hoa-tulip-do-tia\">                <div class=\"box box-category has-hover box-default \">\n                <div class=\"box-image\" >\n                  <div class=\"\" >\n                  <img loading=\"lazy\" decoding=\"async\" src=\"https:\/\/hatgionghoa01.bkns.biz\/wp-content\/uploads\/2023\/02\/Rectangle-2239-300x300.png\" alt=\"Hoa Tulip \u0111\u1ecf t\u00eda\" width=\"300\" height=\"300\" \/>                                                      <\/div>\n                <\/div>\n                <div class=\"box-text text-center\" >\n                  <div class=\"box-text-inner\">\n                      <h5 class=\"uppercase header-title\">\n                              Hoa Tulip \u0111\u1ecf t\u00eda                      <\/h5>\n                                            \n                  <\/div>\n                <\/div>\n                <\/div>\n            <\/a>            <\/div>\n            <\/div>\n        <\/div>\n\t\t<\/div>\n\t\t\t<\/div>\n\n\t\n<\/div>\n\t\t<\/div>\n\n\t\t\n<style>\n#section_281932635 {\n  padding-top: 30px;\n  padding-bottom: 30px;\n}\n<\/style>\n\t<\/section>\n\t\n\t<section class=\"section section-service\" id=\"section_1732636755\">\n\t\t<div class=\"bg section-bg fill bg-fill  bg-loaded\" >\n\n\t\t\t\n\t\t\t\n\t\t\t\n\n\t\t<\/div>\n\n\t\t<div class=\"section-content relative\">\n\t\t\t\n<div class=\"row\"  id=\"row-1162127554\">\n\n\t<div id=\"col-1041941043\" class=\"col small-12 large-12\"  >\n\t\t<div class=\"col-inner\"  >\n\t\t\t\n\t\t\t\n<div class=\"row\"  id=\"row-1494688529\">\n\n\t<div id=\"col-104863517\" class=\"col medium-3 small-6 large-3\"  >\n\t\t<div class=\"col-inner\"  >\n\t\t\t\n\t\t\t\n\n\t\t<div class=\"icon-box featured-box icon-box-center text-center\"  >\n\t\t\t\t\t<div class=\"icon-box-img\" style=\"width: 60px\">\n\t\t\t\t<div class=\"icon\">\n\t\t\t\t\t<div class=\"icon-inner\" >\n\t\t\t\t\t\t<img loading=\"lazy\" decoding=\"async\" width=\"52\" height=\"49\" src=\"https:\/\/hatgionghoa01.bkns.biz\/wp-content\/uploads\/2023\/02\/shop.png\" class=\"attachment-medium size-medium\" alt=\"\" \/>\t\t\t\t\t<\/div>\n\t\t\t\t<\/div>\n\t\t\t<\/div>\n\t\t\t\t<div class=\"icon-box-text last-reset\">\n\t\t\t\t\t\t\t\t\t\n<p>H\u1ec7 th\u1ed1ng <span class=\"number-service\">5<\/span> c\u1eeda h\u00e0ng<br \/>\nkh\u1eafp c\u1ea3 n\u01b0\u1edbc<\/p>\n\t\t<\/div>\n\t<\/div>\n\t\n\t\n\t\t<\/div>\n\t\t\t<\/div>\n\n\t\n\n\t<div id=\"col-1105837002\" class=\"col medium-3 small-6 large-3\"  >\n\t\t<div class=\"col-inner\"  >\n\t\t\t\n\t\t\t\n\n\t\t<div class=\"icon-box featured-box icon-box-center text-center\"  >\n\t\t\t\t\t<div class=\"icon-box-img\" style=\"width: 54px\">\n\t\t\t\t<div class=\"icon\">\n\t\t\t\t\t<div class=\"icon-inner\" >\n\t\t\t\t\t\t<img loading=\"lazy\" decoding=\"async\" width=\"41\" height=\"45\" src=\"https:\/\/hatgionghoa01.bkns.biz\/wp-content\/uploads\/2023\/02\/Vector.png\" class=\"attachment-medium size-medium\" alt=\"\" \/>\t\t\t\t\t<\/div>\n\t\t\t\t<\/div>\n\t\t\t<\/div>\n\t\t\t\t<div class=\"icon-box-text last-reset\">\n\t\t\t\t\t\t\t\t\t\n<p>\u0110\u1ed5i tr\u1ea3 <span class=\"number-service\">7<\/span> ng\u00e0y<\/p>\n\t\t<\/div>\n\t<\/div>\n\t\n\t\n\t\t<\/div>\n\t\t\t<\/div>\n\n\t\n\n\t<div id=\"col-1942635361\" class=\"col medium-3 small-6 large-3\"  >\n\t\t<div class=\"col-inner\"  >\n\t\t\t\n\t\t\t\n\n\t\t<div class=\"icon-box featured-box icon-box-center text-center\"  >\n\t\t\t\t\t<div class=\"icon-box-img\" style=\"width: 60px\">\n\t\t\t\t<div class=\"icon\">\n\t\t\t\t\t<div class=\"icon-inner\" >\n\t\t\t\t\t\t<img loading=\"lazy\" decoding=\"async\" width=\"47\" height=\"47\" src=\"https:\/\/hatgionghoa01.bkns.biz\/wp-content\/uploads\/2023\/02\/group.png\" class=\"attachment-medium size-medium\" alt=\"\" \/>\t\t\t\t\t<\/div>\n\t\t\t\t<\/div>\n\t\t\t<\/div>\n\t\t\t\t<div class=\"icon-box-text last-reset\">\n\t\t\t\t\t\t\t\t\t\n<p>Mi\u1ec5n ph\u00ed v\u1eadn chuy\u1ec3n<\/p>\n\t\t<\/div>\n\t<\/div>\n\t\n\t\n\t\t<\/div>\n\t\t\t<\/div>\n\n\t\n\n\t<div id=\"col-1366572723\" class=\"col medium-3 small-6 large-3\"  >\n\t\t<div class=\"col-inner\"  >\n\t\t\t\n\t\t\t\n\n\t\t<div class=\"icon-box featured-box icon-box-center text-center\"  >\n\t\t\t\t\t<div class=\"icon-box-img\" style=\"width: 60px\">\n\t\t\t\t<div class=\"icon\">\n\t\t\t\t\t<div class=\"icon-inner\" >\n\t\t\t\t\t\t<img loading=\"lazy\" decoding=\"async\" width=\"46\" height=\"46\" src=\"https:\/\/hatgionghoa01.bkns.biz\/wp-content\/uploads\/2023\/02\/blur.png\" class=\"attachment-medium size-medium\" alt=\"\" \/>\t\t\t\t\t<\/div>\n\t\t\t\t<\/div>\n\t\t\t<\/div>\n\t\t\t\t<div class=\"icon-box-text last-reset\">\n\t\t\t\t\t\t\t\t\t\n<p>Cam k\u1ebft ch\u1ea5t l\u01b0\u1ee3ng<br \/>\nc\u00e2y gi\u1ed1ng<\/p>\n\t\t<\/div>\n\t<\/div>\n\t\n\t\n\t\t<\/div>\n\t\t\t<\/div>\n\n\t\n<\/div>\n\t\t<\/div>\n\t\t\t<\/div>\n\n\t\n<\/div>\n\t\t<\/div>\n\n\t\t\n<style>\n#section_1732636755 {\n  padding-top: 30px;\n  padding-bottom: 30px;\n}\n<\/style>\n\t<\/section>\n\t\n","protected":false},"excerpt":{"rendered":"","protected":false},"author":1,"featured_media":0,"parent":0,"menu_order":0,"comment_status":"closed","ping_status":"closed","template":"page-blank.php","meta":{"footnotes":""},"class_list":["post-46","page","type-page","status-publish","hentry"],"_links":{"self":[{"href":"https:\/\/hatgionghoa01.bkns.biz\/index.php?rest_route=\/wp\/v2\/pages\/46","targetHints":{"allow":["GET"]}}],"collection":[{"href":"https:\/\/hatgionghoa01.bkns.biz\/index.php?rest_route=\/wp\/v2\/pages"}],"about":[{"href":"https:\/\/hatgionghoa01.bkns.biz\/index.php?rest_route=\/wp\/v2\/types\/page"}],"author":[{"embeddable":true,"href":"https:\/\/hatgionghoa01.bkns.biz\/index.php?rest_route=\/wp\/v2\/users\/1"}],"replies":[{"embeddable":true,"href":"https:\/\/hatgionghoa01.bkns.biz\/index.php?rest_route=%2Fwp%2Fv2%2Fcomments&post=46"}],"version-history":[{"count":22,"href":"https:\/\/hatgionghoa01.bkns.biz\/index.php?rest_route=\/wp\/v2\/pages\/46\/revisions"}],"predecessor-version":[{"id":104,"href":"https:\/\/hatgionghoa01.bkns.biz\/index.php?rest_route=\/wp\/v2\/pages\/46\/revisions\/104"}],"wp:attachment":[{"href":"https:\/\/hatgionghoa01.bkns.biz\/index.php?rest_route=%2Fwp%2Fv2%2Fmedia&parent=46"}],"curies":[{"name":"wp","href":"https:\/\/api.w.org\/{rel}","templated":true}]}}